{"id":1272,"date":"2018-11-05T09:17:25","date_gmt":"2018-11-05T09:17:25","guid":{"rendered":"https:\/\/www.letsgo.hr\/osobne-privatne-ture\/"},"modified":"2020-08-26T06:41:07","modified_gmt":"2020-08-26T06:41:07","slug":"osobne-privatne-ture","status":"publish","type":"page","link":"https:\/\/www.letsgo.hr\/hr\/osobne-privatne-ture\/","title":{"rendered":"Osobna privatna putovanja"},"content":{"rendered":"<p>[et_pb_section fb_built=&#8221;1&#8243; admin_label=&#8221;Header&#8221; _builder_version=&#8221;3.22&#8243; background_color=&#8221;#e84058&#8243; background_image=&#8221;https:\/\/www.letsgo.hr\/wp-content\/uploads\/transportation-services-01.png&#8221; background_size=&#8221;initial&#8221; background_position=&#8221;bottom_left&#8221; background_blend=&#8221;multiply&#8221;][et_pb_row _builder_version=&#8221;3.25&#8243;][et_pb_column type=&#8221;4_4&#8243; _builder_version=&#8221;3.25&#8243; custom_padding=&#8221;|||&#8221; custom_padding__hover=&#8221;|||&#8221;][et_pb_text ul_type=&#8221;circle&#8221; _builder_version=&#8221;3.27.4&#8243; text_font_size=&#8221;18px&#8221; text_line_height=&#8221;2em&#8221; ul_font_size=&#8221;18px&#8221; ul_line_height=&#8221;2em&#8221; header_font=&#8221;Montserrat|700|||||||&#8221; header_font_size=&#8221;50px&#8221; header_line_height=&#8221;1.2em&#8221; text_orientation=&#8221;center&#8221; background_layout=&#8221;dark&#8221; header_font_size_tablet=&#8221;40px&#8221; header_font_size_phone=&#8221;28px&#8221; header_font_size_last_edited=&#8221;on|phone&#8221;]<\/p>\n<h1>Izleti &amp; Razgledavanja<\/h1>\n<p>[\/et_pb_text][\/et_pb_column][\/et_pb_row][\/et_pb_section][et_pb_section fb_built=&#8221;1&#8243; admin_label=&#8221;About us&#8221; _builder_version=&#8221;3.22&#8243; background_color=&#8221;#f1f5f9&#8243;][et_pb_row _builder_version=&#8221;3.25&#8243; column_structure=&#8221;1_2,1_2&#8243;][et_pb_column type=&#8221;1_2&#8243; _builder_version=&#8221;3.25&#8243; custom_padding=&#8221;|||&#8221; custom_padding__hover=&#8221;|||&#8221;][et_pb_text _builder_version=&#8221;3.27.4&#8243; text_line_height=&#8221;2em&#8221; header_2_font=&#8221;Montserrat|700|||||||&#8221; header_2_font_size=&#8221;36px&#8221; header_2_line_height=&#8221;1.4em&#8221; max_width=&#8221;700px&#8221; module_alignment=&#8221;center&#8221; header_2_font_size_tablet=&#8221;26px&#8221; header_2_font_size_phone=&#8221;20px&#8221; header_2_font_size_last_edited=&#8221;on|phone&#8221; locked=&#8221;off&#8221;]<\/p>\n<h2>PRIJEVOZ DO GRADA ILI CJELODNEVNA EKSKURZIJA<\/h2>\n<p>Let&#8217;s go Vam nudi privatne izlete po niskim cijenama, od vrata do vrata, u grad Zadar, kao i u Nin, Pag, Trogir, Split, Plitvi\u010dka jezera, Slapove krke, Nacionalni park Paklenicu i druge popularne destinacije.<\/p>\n<p>U ponudi imamo izlete s vodi\u010dem i voza\u010dem za bilo koji broj putnika.<\/p>\n<p>Uz nas na izlet idete potpuno bezbri\u017eni i imate priliku vidjeti gradove po Va\u0161em izboru, onako kako Vi to \u017eelite.<\/p>\n<p>Razgovarajte s nama ili nam po\u0161aljite svoje zathjeve putem e-po\u0161te kako bi Vam mogli dati najbolju ponudu. info@letsgo.com<\/p>\n<p>[\/et_pb_text][\/et_pb_column][et_pb_column type=&#8221;1_2&#8243; _builder_version=&#8221;3.25&#8243; custom_padding=&#8221;|||&#8221; custom_padding__hover=&#8221;|||&#8221;][et_pb_image src=&#8221;https:\/\/www.letsgo.hr\/wp-content\/uploads\/zadar-1.jpg&#8221; align_tablet=&#8221;center&#8221; align_last_edited=&#8221;on|desktop&#8221; _builder_version=&#8221;3.23&#8243; box_shadow_style=&#8221;preset1&#8243;][\/et_pb_image][\/et_pb_column][\/et_pb_row][\/et_pb_section][et_pb_section fb_built=&#8221;1&#8243; admin_label=&#8221;Footer&#8221; _builder_version=&#8221;3.22&#8243; background_image=&#8221;https:\/\/www.letsgo.hr\/wp-content\/uploads\/transportation-services-01.png&#8221; parallax=&#8221;on&#8221; custom_padding=&#8221;0px||0px||true&#8221; saved_tabs=&#8221;all&#8221;][et_pb_row use_custom_gutter=&#8221;on&#8221; gutter_width=&#8221;1&#8243; make_equal=&#8221;on&#8221; padding_top_bottom_link_1=&#8221;true&#8221; padding_top_bottom_link_2=&#8221;true&#8221; padding_left_right_link_1=&#8221;true&#8221; padding_left_right_link_2=&#8221;true&#8221; module_class=&#8221; et_pb_row_fullwidth&#8221; _builder_version=&#8221;3.25&#8243; background_image=&#8221;https:\/\/www.letsgo.hr\/wp-content\/uploads\/transportation-services-19.png&#8221; width=&#8221;100%&#8221; width_tablet=&#8221;100%&#8221; width_last_edited=&#8221;on|desktop&#8221; max_width=&#8221;100%&#8221; max_width_tablet=&#8221;100%&#8221; max_width_last_edited=&#8221;on|desktop&#8221; custom_padding=&#8221;0px||0px||true&#8221; make_fullwidth=&#8221;on&#8221; column_structure=&#8221;3_5,2_5&#8243;][et_pb_column type=&#8221;3_5&#8243; _builder_version=&#8221;3.25&#8243; custom_padding=&#8221;80px|6%|80px|6%&#8221; custom_padding_tablet=&#8221;|10%||10%||true&#8221; custom_padding_phone=&#8221;|||&#8221; custom_padding_last_edited=&#8221;on|phone&#8221; custom_padding__hover=&#8221;|||&#8221;][et_pb_text _builder_version=&#8221;3.27.4&#8243; text_font_size=&#8221;16px&#8221; text_line_height=&#8221;2em&#8221; header_3_font=&#8221;Montserrat|700|||||||&#8221; header_3_font_size=&#8221;26px&#8221; header_3_line_height=&#8221;1.4em&#8221; max_width=&#8221;700px&#8221; header_3_font_size_tablet=&#8221;&#8221; header_3_font_size_phone=&#8221;20px&#8221; header_3_font_size_last_edited=&#8221;on|desktop&#8221; locked=&#8221;off&#8221;]<\/p>\n<h3>\u010cesto postavljena pitanja<\/h3>\n<p>[\/et_pb_text][et_pb_accordion open_toggle_background_color=&#8221;#ffffff&#8221; closed_toggle_background_color=&#8221;#ffffff&#8221; _builder_version=&#8221;3.18.4&#8243; toggle_font=&#8221;|700|||||||&#8221; toggle_font_size=&#8221;14px&#8221; toggle_line_height=&#8221;1.4em&#8221; body_line_height=&#8221;2em&#8221; custom_margin=&#8221;|||&#8221; border_width_all=&#8221;0px&#8221;][et_pb_accordion_item title=&#8221;Kako \u0107u znati kada je moje vozilo krenulo i kako \u0107u ga prepoznati?&#8221; open=&#8221;on&#8221; _builder_version=&#8221;3.18.4&#8243; custom_margin=&#8221;10px||10px||true&#8221; custom_margin_tablet=&#8221;10px||10px||true&#8221; custom_margin_phone=&#8221;10px||10px||true&#8221;]Dan prije putovanja kontaktirat \u0107emo Vas putem e-maila te \u0107emo Vam poslati detaljne upute. Uz to, cijelo vrijeme \u0107emo Vam biti dostupni i mo\u0107i \u0107ete nas kontaktirati putem mobitela, maila, vibera i whatsappa.<\/p>\n<p>&nbsp;<br \/>\n[\/et_pb_accordion_item][et_pb_accordion_item title=&#8221;Gdje \u0107e me voza\u010d do\u010dekati u zra\u010dnoj luci?&#8221; _builder_version=&#8221;3.18.4&#8243; custom_margin=&#8221;10px||10px||true&#8221; custom_margin_tablet=&#8221;10px||10px||true&#8221; custom_margin_phone=&#8221;10px||10px||true&#8221; open=&#8221;off&#8221;]Va\u0161 voza\u010d \u0107e vas do\u010dekati na Terminalu Dolaska s Va\u0161im imenom ispisanim na plo\u010di. Kada rezervirate vo\u017enju potvrdit \u0107emo Va\u0161u rezervaciju email porukom u kojoj \u0107emo Vam navesti i to\u010dno mjestu na kojemu \u0107emo se sastati. Broj va\u0161eg leta koristimo za pra\u0107enje va\u0161eg leta kako bi bili sigurni da Vas voza\u010d spremno do\u010deka kada sletite. Pratimo ka\u0161njenja i a\u017euriramo vrijeme slanja voza\u010da u skladu s tim.<br \/>\n[\/et_pb_accordion_item][et_pb_accordion_item title=&#8221;Koje na\u010dine pla\u0107anja prihva\u0107ate?&#8221; _builder_version=&#8221;3.18.4&#8243; custom_margin=&#8221;10px||10px||true&#8221; custom_margin_tablet=&#8221;10px||10px||true&#8221; custom_margin_phone=&#8221;10px||10px||true&#8221; open=&#8221;off&#8221;]Prihva\u0107amo pla\u0107anje samo u gotovini.<br \/>\n[\/et_pb_accordion_item][et_pb_accordion_item title=&#8221;\u0160to se doga\u0111a ako let kasni?&#8221; _builder_version=&#8221;3.18.4&#8243; custom_margin=&#8221;10px||10px||true&#8221; custom_margin_tablet=&#8221;10px||10px||true&#8221; custom_margin_phone=&#8221;10px||10px||true&#8221; open=&#8221;off&#8221;]Motrimo letove aviona kako bi Vas spremno do\u010dekali u slu\u010daju uranjenog ili odgo\u0111enog slijetanja va\u0161eg aviona. Znate li da \u0107e Va\u0161 let biti odgo\u0111en, molimo kontaktirajte nas.<br \/>\n[\/et_pb_accordion_item][\/et_pb_accordion][\/et_pb_column][et_pb_column type=&#8221;2_5&#8243; _builder_version=&#8221;3.25&#8243; background_color=&#8221;#3a3a3a&#8221; custom_padding=&#8221;80px|6%|80px|6%&#8221; custom_padding_tablet=&#8221;|10%||10%||true&#8221; custom_padding_phone=&#8221;|||&#8221; custom_padding_last_edited=&#8221;on|desktop&#8221; custom_padding__hover=&#8221;|||&#8221;][et_pb_text _builder_version=&#8221;3.27.4&#8243; text_font=&#8221;||||||||&#8221; text_font_size=&#8221;16px&#8221; text_line_height=&#8221;2em&#8221; header_font=&#8221;||||||||&#8221; header_3_font=&#8221;Montserrat|700|||||||&#8221; header_3_font_size=&#8221;26px&#8221; header_3_line_height=&#8221;1.4em&#8221; background_layout=&#8221;dark&#8221; max_width=&#8221;700px&#8221; header_3_font_size_tablet=&#8221;26px&#8221; header_3_font_size_phone=&#8221;20px&#8221; header_3_font_size_last_edited=&#8221;on|desktop&#8221;]<\/p>\n<h3>Zatra\u017ei Ponudu -ili- Postavi Pitanje<\/h3>\n<p>[\/et_pb_text][et_pb_contact_form email=&#8221;info@letsgo.hr&#8221; custom_message=&#8221;Name: %%name%%||et_pb_line_break_holder||Email: %%email%%||et_pb_line_break_holder||Message: %%message%%&#8221; module_id=&#8221;et_pb_contact_form_0&#8243; _builder_version=&#8221;3.23&#8243; form_field_background_color=&#8221;rgba(0,0,0,0)&#8221; form_field_text_color=&#8221;rgba(255,255,255,0.7)&#8221; form_field_font_size=&#8221;16px&#8221; custom_button=&#8221;on&#8221; button_text_size=&#8221;16px&#8221; button_text_color=&#8221;#2a2a2a&#8221; button_bg_color=&#8221;#ffffff&#8221; button_border_width=&#8221;10px&#8221; button_border_color=&#8221;#ffffff&#8221; button_letter_spacing=&#8221;2px&#8221; button_font=&#8221;Montserrat|700|||||||&#8221; button_icon=&#8221;%%3%%&#8221; custom_css_captcha_label=&#8221;color: #ffffff;&#8221; border_color_all=&#8221;rgba(255,255,255,0.15)&#8221; border_width_bottom=&#8221;2px&#8221; form_background_color=&#8221;rgba(0,0,0,0)&#8221;][et_pb_contact_field field_id=&#8221;Name&#8221; field_title=&#8221;Ime&#8221; fullwidth_field=&#8221;on&#8221; _builder_version=&#8221;3.17&#8243; button_text_size__hover_enabled=&#8221;off&#8221; button_one_text_size__hover_enabled=&#8221;off&#8221; button_two_text_size__hover_enabled=&#8221;off&#8221; button_text_color__hover_enabled=&#8221;off&#8221; button_one_text_color__hover_enabled=&#8221;off&#8221; button_two_text_color__hover_enabled=&#8221;off&#8221; button_border_width__hover_enabled=&#8221;off&#8221; button_one_border_width__hover_enabled=&#8221;off&#8221; button_two_border_width__hover_enabled=&#8221;off&#8221; button_border_color__hover_enabled=&#8221;off&#8221; button_one_border_color__hover_enabled=&#8221;off&#8221; button_two_border_color__hover_enabled=&#8221;off&#8221; button_border_radius__hover_enabled=&#8221;off&#8221; button_one_border_radius__hover_enabled=&#8221;off&#8221; button_two_border_radius__hover_enabled=&#8221;off&#8221; button_letter_spacing__hover_enabled=&#8221;off&#8221; button_one_letter_spacing__hover_enabled=&#8221;off&#8221; button_two_letter_spacing__hover_enabled=&#8221;off&#8221; button_bg_color__hover_enabled=&#8221;off&#8221; button_one_bg_color__hover_enabled=&#8221;off&#8221; button_two_bg_color__hover_enabled=&#8221;off&#8221;][\/et_pb_contact_field][et_pb_contact_field field_id=&#8221;Email&#8221; field_title=&#8221;Email&#8221; field_type=&#8221;email&#8221; fullwidth_field=&#8221;on&#8221; _builder_version=&#8221;3.17&#8243; button_text_size__hover_enabled=&#8221;off&#8221; button_one_text_size__hover_enabled=&#8221;off&#8221; button_two_text_size__hover_enabled=&#8221;off&#8221; button_text_color__hover_enabled=&#8221;off&#8221; button_one_text_color__hover_enabled=&#8221;off&#8221; button_two_text_color__hover_enabled=&#8221;off&#8221; button_border_width__hover_enabled=&#8221;off&#8221; button_one_border_width__hover_enabled=&#8221;off&#8221; button_two_border_width__hover_enabled=&#8221;off&#8221; button_border_color__hover_enabled=&#8221;off&#8221; button_one_border_color__hover_enabled=&#8221;off&#8221; button_two_border_color__hover_enabled=&#8221;off&#8221; button_border_radius__hover_enabled=&#8221;off&#8221; button_one_border_radius__hover_enabled=&#8221;off&#8221; button_two_border_radius__hover_enabled=&#8221;off&#8221; button_letter_spacing__hover_enabled=&#8221;off&#8221; button_one_letter_spacing__hover_enabled=&#8221;off&#8221; button_two_letter_spacing__hover_enabled=&#8221;off&#8221; button_bg_color__hover_enabled=&#8221;off&#8221; button_one_bg_color__hover_enabled=&#8221;off&#8221; button_two_bg_color__hover_enabled=&#8221;off&#8221;][\/et_pb_contact_field][et_pb_contact_field field_id=&#8221;Message&#8221; field_title=&#8221;Poruka&#8221; field_type=&#8221;text&#8221; fullwidth_field=&#8221;on&#8221; _builder_version=&#8221;3.17&#8243; button_text_size__hover_enabled=&#8221;off&#8221; button_one_text_size__hover_enabled=&#8221;off&#8221; button_two_text_size__hover_enabled=&#8221;off&#8221; button_text_color__hover_enabled=&#8221;off&#8221; button_one_text_color__hover_enabled=&#8221;off&#8221; button_two_text_color__hover_enabled=&#8221;off&#8221; button_border_width__hover_enabled=&#8221;off&#8221; button_one_border_width__hover_enabled=&#8221;off&#8221; button_two_border_width__hover_enabled=&#8221;off&#8221; button_border_color__hover_enabled=&#8221;off&#8221; button_one_border_color__hover_enabled=&#8221;off&#8221; button_two_border_color__hover_enabled=&#8221;off&#8221; button_border_radius__hover_enabled=&#8221;off&#8221; button_one_border_radius__hover_enabled=&#8221;off&#8221; button_two_border_radius__hover_enabled=&#8221;off&#8221; button_letter_spacing__hover_enabled=&#8221;off&#8221; button_one_letter_spacing__hover_enabled=&#8221;off&#8221; button_two_letter_spacing__hover_enabled=&#8221;off&#8221; button_bg_color__hover_enabled=&#8221;off&#8221; button_one_bg_color__hover_enabled=&#8221;off&#8221; button_two_bg_color__hover_enabled=&#8221;off&#8221;][\/et_pb_contact_field][\/et_pb_contact_form][\/et_pb_column][\/et_pb_row][\/et_pb_section]<\/p>\n","protected":false},"excerpt":{"rendered":"<p>Izleti &amp; Razgledavanja PRIJEVOZ DO GRADA ILI CJELODNEVNA EKSKURZIJA Let&#8217;s go Vam nudi privatne izlete po niskim cijenama, od vrata do vrata, u grad Zadar, kao i u Nin, Pag, Trogir, Split, Plitvi\u010dka jezera, Slapove krke, Nacionalni park Paklenicu i druge popularne destinacije. U ponudi imamo izlete s vodi\u010dem i voza\u010dem za bilo koji broj [&hellip;]<\/p>\n","protected":false},"author":1,"featured_media":0,"parent":0,"menu_order":0,"comment_status":"closed","ping_status":"closed","template":"","meta":{"_et_pb_use_builder":"on","_et_pb_old_content":"","_et_gb_content_width":""},"_links":{"self":[{"href":"https:\/\/www.letsgo.hr\/hr\/wp-json\/wp\/v2\/pages\/1272"}],"collection":[{"href":"https:\/\/www.letsgo.hr\/hr\/wp-json\/wp\/v2\/pages"}],"about":[{"href":"https:\/\/www.letsgo.hr\/hr\/wp-json\/wp\/v2\/types\/page"}],"author":[{"embeddable":true,"href":"https:\/\/www.letsgo.hr\/hr\/wp-json\/wp\/v2\/users\/1"}],"replies":[{"embeddable":true,"href":"https:\/\/www.letsgo.hr\/hr\/wp-json\/wp\/v2\/comments?post=1272"}],"version-history":[{"count":0,"href":"https:\/\/www.letsgo.hr\/hr\/wp-json\/wp\/v2\/pages\/1272\/revisions"}],"wp:attachment":[{"href":"https:\/\/www.letsgo.hr\/hr\/wp-json\/wp\/v2\/media?parent=1272"}],"curies":[{"name":"wp","href":"https:\/\/api.w.org\/{rel}","templated":true}]}}