{"id":1280,"date":"2018-11-05T09:18:26","date_gmt":"2018-11-05T09:18:26","guid":{"rendered":"https:\/\/www.letsgo.hr\/osobne-privatne-ture\/plitvicka-jezera\/"},"modified":"2020-08-19T12:16:12","modified_gmt":"2020-08-19T12:16:12","slug":"plitvicka-jezera","status":"publish","type":"page","link":"https:\/\/www.letsgo.hr\/hr\/osobne-privatne-ture\/plitvicka-jezera\/","title":{"rendered":"PLITVI\u010cKA JEZERA"},"content":{"rendered":"<p>[et_pb_section bb_built=&#8221;1&#8243; admin_label=&#8221;Header&#8221; _builder_version=&#8221;3.17.6&#8243; background_color=&#8221;#e84058&#8243; background_image=&#8221;https:\/\/www.letsgo.hr\/wp-content\/uploads\/transportation-services-01.png&#8221; background_size=&#8221;initial&#8221; background_position=&#8221;bottom_left&#8221; background_blend=&#8221;multiply&#8221; next_background_color=&#8221;#f1f5f9&#8243;][et_pb_row _builder_version=&#8221;3.9&#8243;][et_pb_column type=&#8221;4_4&#8243;][et_pb_text ul_type=&#8221;circle&#8221; _builder_version=&#8221;3.17&#8243; text_font_size=&#8221;18px&#8221; text_line_height=&#8221;2em&#8221; ul_font_size=&#8221;18px&#8221; ul_line_height=&#8221;2em&#8221; header_font=&#8221;Montserrat|700|||||||&#8221; header_font_size=&#8221;50px&#8221; header_font_size_tablet=&#8221;40px&#8221; header_font_size_phone=&#8221;28px&#8221; header_font_size_last_edited=&#8221;on|phone&#8221; header_line_height=&#8221;1.2em&#8221; text_orientation=&#8221;center&#8221; background_layout=&#8221;dark&#8221;]<\/p>\n<h1>PLITVI\u010cKA JEZERA<\/h1>\n<p>[\/et_pb_text][\/et_pb_column][\/et_pb_row][\/et_pb_section][et_pb_section bb_built=&#8221;1&#8243; admin_label=&#8221;About us&#8221; _builder_version=&#8221;3.17.6&#8243; prev_background_color=&#8221;#e84058&#8243; next_background_color=&#8221;#ffffff&#8221; background_color=&#8221;#f1f5f9&#8243;][et_pb_row _builder_version=&#8221;3.11&#8243;][et_pb_column type=&#8221;1_2&#8243;][et_pb_text _builder_version=&#8221;3.17&#8243; text_font_size=&#8221;16px&#8221; text_line_height=&#8221;2em&#8221; header_2_font=&#8221;Montserrat|700|||||||&#8221; header_2_font_size=&#8221;36px&#8221; header_2_font_size_tablet=&#8221;26px&#8221; header_2_font_size_phone=&#8221;20px&#8221; header_2_font_size_last_edited=&#8221;on|phone&#8221; header_2_line_height=&#8221;1.4em&#8221; max_width=&#8221;700px&#8221; module_alignment=&#8221;center&#8221; locked=&#8221;off&#8221;]<\/p>\n<p>Nacionalni park Plitvi\u010dka jezera najstariji je i najve\u0107i hrvatski nacionalni park. Poznat je po svojim veli\u010danstvenim sedrenim vodopadima koji stvaraju \u010dista jezera u konstantnom biodinami\u010dkom procesu stvaranja sedre. Kao rezultat tog procesa, stvoren je niz od 16 kaskadnih velikih i nekoliko manjih jezera, koji su najslikovitiji dio ovog parka.<\/p>\n<p>[\/et_pb_text][\/et_pb_column][et_pb_column type=&#8221;1_2&#8243;][et_pb_image _builder_version=&#8221;3.17.6&#8243; src=&#8221;https:\/\/www.letsgo.hr\/wp-content\/uploads\/plitvice.jpeg&#8221; box_shadow_style=&#8221;preset1&#8243; box_shadow_blur=&#8221;80px&#8221; \/][\/et_pb_column][\/et_pb_row][\/et_pb_section][et_pb_section bb_built=&#8221;1&#8243; admin_label=&#8221;Footer&#8221; _builder_version=&#8221;3.17.6&#8243; background_image=&#8221;https:\/\/www.letsgo.hr\/wp-content\/uploads\/transportation-services-01.png&#8221; parallax=&#8221;on&#8221; custom_padding=&#8221;0px||0px||true&#8221; saved_tabs=&#8221;all&#8221; prev_background_color=&#8221;#f1f5f9&#8243;][et_pb_row make_fullwidth=&#8221;on&#8221; use_custom_gutter=&#8221;on&#8221; gutter_width=&#8221;1&#8243; custom_padding=&#8221;0px||0px||true&#8221; make_equal=&#8221;on&#8221; background_color_2=&#8221;#3a3a3a&#8221; padding_top_bottom_link_1=&#8221;true&#8221; padding_top_bottom_link_2=&#8221;true&#8221; padding_left_right_link_1=&#8221;true&#8221; padding_left_right_link_2=&#8221;true&#8221; padding_top_1=&#8221;80px&#8221; padding_top_2=&#8221;80px&#8221; padding_right_1=&#8221;6%&#8221; padding_right_2=&#8221;6%&#8221; padding_bottom_1=&#8221;80px&#8221; padding_bottom_2=&#8221;80px&#8221; padding_left_1=&#8221;6%&#8221; padding_left_2=&#8221;6%&#8221; padding_1_tablet=&#8221;|10%||10%||true&#8221; padding_2_tablet=&#8221;|10%||10%||true&#8221; padding_1_phone=&#8221;|||&#8221; padding_2_phone=&#8221;|||&#8221; padding_1_last_edited=&#8221;on|phone&#8221; padding_2_last_edited=&#8221;on|desktop&#8221; _builder_version=&#8221;3.17.6&#8243; background_image=&#8221;https:\/\/www.letsgo.hr\/wp-content\/uploads\/transportation-services-19.png&#8221;][et_pb_column type=&#8221;3_5&#8243;][et_pb_text _builder_version=&#8221;3.17.2&#8243; text_font_size=&#8221;16px&#8221; text_line_height=&#8221;2em&#8221; header_3_font=&#8221;Montserrat|700|||||||&#8221; header_3_font_size=&#8221;26px&#8221; header_3_font_size_phone=&#8221;20px&#8221; header_3_font_size_last_edited=&#8221;on|desktop&#8221; header_3_line_height=&#8221;1.4em&#8221; max_width=&#8221;700px&#8221; locked=&#8221;off&#8221;]<\/p>\n<h3>\u010cesto postavljena pitanja<\/h3>\n<p>[\/et_pb_text][et_pb_accordion open_toggle_background_color=&#8221;#ffffff&#8221; closed_toggle_background_color=&#8221;#ffffff&#8221; _builder_version=&#8221;3.17&#8243; body_line_height=&#8221;2em&#8221; toggle_font=&#8221;|700|||||||&#8221; toggle_font_size=&#8221;14px&#8221; toggle_line_height=&#8221;1.4em&#8221; border_width_all=&#8221;0px&#8221; custom_margin=&#8221;|||&#8221;][et_pb_accordion_item title=&#8221;Kako \u0107u znati kada je moje vozilo krenulo i kako \u0107u ga prepoznati?&#8221; open=&#8221;on&#8221; _builder_version=&#8221;3.17&#8243; title_text_shadow_horizontal_length=&#8221;0em&#8221; title_text_shadow_vertical_length=&#8221;0em&#8221; title_text_shadow_blur_strength=&#8221;0em&#8221; body_text_shadow_horizontal_length=&#8221;0em&#8221; body_text_shadow_vertical_length=&#8221;0em&#8221; body_text_shadow_blur_strength=&#8221;0em&#8221; custom_margin=&#8221;10px||10px||true&#8221; custom_margin_tablet=&#8221;10px||10px||true&#8221; custom_margin_phone=&#8221;10px||10px||true&#8221;]Neposredno prije putovanja, poslat \u0107emo Vam SMS s voza\u010devim detaljima, uklju\u010duju\u0107i kontakt broj voza\u010da, marku i model automobila te registracijski broj automobila. [\/et_pb_accordion_item][et_pb_accordion_item title=&#8221;Gdje \u0107e me voza\u010d do\u010dekati u zra\u010dnoj luci?&#8221; open=&#8221;off&#8221; _builder_version=&#8221;3.17&#8243; title_text_shadow_horizontal_length=&#8221;0em&#8221; title_text_shadow_vertical_length=&#8221;0em&#8221; title_text_shadow_blur_strength=&#8221;0em&#8221; body_text_shadow_horizontal_length=&#8221;0em&#8221; body_text_shadow_vertical_length=&#8221;0em&#8221; body_text_shadow_blur_strength=&#8221;0em&#8221; custom_margin=&#8221;10px||10px||true&#8221; custom_margin_tablet=&#8221;10px||10px||true&#8221; custom_margin_phone=&#8221;10px||10px||true&#8221;] Va\u0161 voza\u010d \u0107e vas do\u010dekati na Terminalu Dolaska s plo\u010dom Let&#8217;s Go. Dobit \u0107ete to\u010dne upute o mjestu na kojemu \u0107emo se sastati u email poruci zajedno s potvrdom rezervacije vo\u017enje. Broj va\u0161eg leta koristimo za pra\u0107enje va\u0161eg leta kako bi bili sigurni da Vas voza\u010d spremno do\u010deka kada sletite. Pratimo ka\u0161njenja i a\u017euriramo vrijeme slanja voza\u010da u skladu s tim. [\/et_pb_accordion_item][et_pb_accordion_item title=&#8221;Koje na\u010dine pla\u0107anja prihva\u0107ate?&#8221; open=&#8221;off&#8221; _builder_version=&#8221;3.17&#8243; title_text_shadow_horizontal_length=&#8221;0em&#8221; title_text_shadow_vertical_length=&#8221;0em&#8221; title_text_shadow_blur_strength=&#8221;0em&#8221; body_text_shadow_horizontal_length=&#8221;0em&#8221; body_text_shadow_vertical_length=&#8221;0em&#8221; body_text_shadow_blur_strength=&#8221;0em&#8221; custom_margin=&#8221;10px||10px||true&#8221; custom_margin_tablet=&#8221;10px||10px||true&#8221; custom_margin_phone=&#8221;10px||10px||true&#8221;] Prihva\u0107amo pla\u0107anje samo u gotovini. [\/et_pb_accordion_item][et_pb_accordion_item title=&#8221;\u0160to se doga\u0111a ako let kasni?&#8221; open=&#8221;off&#8221; _builder_version=&#8221;3.17&#8243; title_text_shadow_horizontal_length=&#8221;0em&#8221; title_text_shadow_vertical_length=&#8221;0em&#8221; title_text_shadow_blur_strength=&#8221;0em&#8221; body_text_shadow_horizontal_length=&#8221;0em&#8221; body_text_shadow_vertical_length=&#8221;0em&#8221; body_text_shadow_blur_strength=&#8221;0em&#8221; custom_margin=&#8221;10px||10px||true&#8221; custom_margin_tablet=&#8221;10px||10px||true&#8221; custom_margin_phone=&#8221;10px||10px||true&#8221;]Motrimo letove aviona kako bi Vas spremno do\u010dekali u slu\u010daju uranjenog ili odgo\u0111enog slijetanja va\u0161eg aviona. Znate li da \u0107e Va\u0161 let biti odgo\u0111en, molimo kontaktirajte nas. [\/et_pb_accordion_item][\/et_pb_accordion][\/et_pb_column][et_pb_column type=&#8221;2_5&#8243;][et_pb_text _builder_version=&#8221;3.15&#8243; text_font=&#8221;||||||||&#8221; text_font_size=&#8221;16px&#8221; text_line_height=&#8221;2em&#8221; header_font=&#8221;||||||||&#8221; header_3_font=&#8221;Montserrat|700|||||||&#8221; header_3_font_size=&#8221;26px&#8221; header_3_font_size_tablet=&#8221;26px&#8221; header_3_font_size_phone=&#8221;20px&#8221; header_3_font_size_last_edited=&#8221;on|desktop&#8221; header_3_line_height=&#8221;1.4em&#8221; background_layout=&#8221;dark&#8221; max_width=&#8221;700px&#8221;]<\/p>\n<h3>Zatra\u017ei Ponudu -ili- Postavi Pitanje<\/h3>\n<p>[\/et_pb_text][et_pb_contact_form captcha=&#8221;off&#8221; email=&#8221;info@letsgo.hr&#8221; custom_message=&#8221;Name: %%name%%||et_pb_line_break_holder||Email: %%email%%||et_pb_line_break_holder||Message: %%message%%&#8221; form_background_color=&#8221;rgba(0,0,0,0)&#8221; module_id=&#8221;et_pb_contact_form_0&#8243; _builder_version=&#8221;3.19.18&#8243; form_field_text_color=&#8221;rgba(255,255,255,0.7)&#8221; form_field_font_size=&#8221;16px&#8221; border_color_all=&#8221;rgba(255,255,255,0.15)&#8221; border_width_bottom=&#8221;2px&#8221; custom_button=&#8221;on&#8221; button_text_size=&#8221;16px&#8221; button_text_color=&#8221;#2a2a2a&#8221; button_bg_color=&#8221;#ffffff&#8221; button_border_width=&#8221;10px&#8221; button_border_color=&#8221;#ffffff&#8221; button_letter_spacing=&#8221;2px&#8221; button_font=&#8221;Montserrat|700|||||||&#8221; button_icon=&#8221;%%3%%&#8221;][et_pb_contact_field field_id=&#8221;Name&#8221; field_title=&#8221;Ime&#8221; fullwidth_field=&#8221;on&#8221; _builder_version=&#8221;3.17&#8243; button_text_size__hover_enabled=&#8221;off&#8221; button_one_text_size__hover_enabled=&#8221;off&#8221; button_two_text_size__hover_enabled=&#8221;off&#8221; button_text_color__hover_enabled=&#8221;off&#8221; button_one_text_color__hover_enabled=&#8221;off&#8221; button_two_text_color__hover_enabled=&#8221;off&#8221; button_border_width__hover_enabled=&#8221;off&#8221; button_one_border_width__hover_enabled=&#8221;off&#8221; button_two_border_width__hover_enabled=&#8221;off&#8221; button_border_color__hover_enabled=&#8221;off&#8221; button_one_border_color__hover_enabled=&#8221;off&#8221; button_two_border_color__hover_enabled=&#8221;off&#8221; button_border_radius__hover_enabled=&#8221;off&#8221; button_one_border_radius__hover_enabled=&#8221;off&#8221; button_two_border_radius__hover_enabled=&#8221;off&#8221; button_letter_spacing__hover_enabled=&#8221;off&#8221; button_one_letter_spacing__hover_enabled=&#8221;off&#8221; button_two_letter_spacing__hover_enabled=&#8221;off&#8221; button_bg_color__hover_enabled=&#8221;off&#8221; button_one_bg_color__hover_enabled=&#8221;off&#8221; button_two_bg_color__hover_enabled=&#8221;off&#8221;][\/et_pb_contact_field][et_pb_contact_field field_id=&#8221;Email&#8221; field_title=&#8221;Email&#8221; field_type=&#8221;email&#8221; fullwidth_field=&#8221;on&#8221; _builder_version=&#8221;3.17&#8243; button_text_size__hover_enabled=&#8221;off&#8221; button_one_text_size__hover_enabled=&#8221;off&#8221; button_two_text_size__hover_enabled=&#8221;off&#8221; button_text_color__hover_enabled=&#8221;off&#8221; button_one_text_color__hover_enabled=&#8221;off&#8221; button_two_text_color__hover_enabled=&#8221;off&#8221; button_border_width__hover_enabled=&#8221;off&#8221; button_one_border_width__hover_enabled=&#8221;off&#8221; button_two_border_width__hover_enabled=&#8221;off&#8221; button_border_color__hover_enabled=&#8221;off&#8221; button_one_border_color__hover_enabled=&#8221;off&#8221; button_two_border_color__hover_enabled=&#8221;off&#8221; button_border_radius__hover_enabled=&#8221;off&#8221; button_one_border_radius__hover_enabled=&#8221;off&#8221; button_two_border_radius__hover_enabled=&#8221;off&#8221; button_letter_spacing__hover_enabled=&#8221;off&#8221; button_one_letter_spacing__hover_enabled=&#8221;off&#8221; button_two_letter_spacing__hover_enabled=&#8221;off&#8221; button_bg_color__hover_enabled=&#8221;off&#8221; button_one_bg_color__hover_enabled=&#8221;off&#8221; button_two_bg_color__hover_enabled=&#8221;off&#8221;][\/et_pb_contact_field][et_pb_contact_field field_id=&#8221;Message&#8221; field_title=&#8221;Poruka&#8221; field_type=&#8221;text&#8221; fullwidth_field=&#8221;on&#8221; _builder_version=&#8221;3.17&#8243; button_text_size__hover_enabled=&#8221;off&#8221; button_one_text_size__hover_enabled=&#8221;off&#8221; button_two_text_size__hover_enabled=&#8221;off&#8221; button_text_color__hover_enabled=&#8221;off&#8221; button_one_text_color__hover_enabled=&#8221;off&#8221; button_two_text_color__hover_enabled=&#8221;off&#8221; button_border_width__hover_enabled=&#8221;off&#8221; button_one_border_width__hover_enabled=&#8221;off&#8221; button_two_border_width__hover_enabled=&#8221;off&#8221; button_border_color__hover_enabled=&#8221;off&#8221; button_one_border_color__hover_enabled=&#8221;off&#8221; button_two_border_color__hover_enabled=&#8221;off&#8221; button_border_radius__hover_enabled=&#8221;off&#8221; button_one_border_radius__hover_enabled=&#8221;off&#8221; button_two_border_radius__hover_enabled=&#8221;off&#8221; button_letter_spacing__hover_enabled=&#8221;off&#8221; button_one_letter_spacing__hover_enabled=&#8221;off&#8221; button_two_letter_spacing__hover_enabled=&#8221;off&#8221; button_bg_color__hover_enabled=&#8221;off&#8221; button_one_bg_color__hover_enabled=&#8221;off&#8221; button_two_bg_color__hover_enabled=&#8221;off&#8221;][\/et_pb_contact_field][\/et_pb_contact_form][\/et_pb_column][\/et_pb_row][\/et_pb_section]<\/p>\n","protected":false},"excerpt":{"rendered":"<p>PLITVI\u010cKA JEZERA Nacionalni park Plitvi\u010dka jezera najstariji je i najve\u0107i hrvatski nacionalni park. Poznat je po svojim veli\u010danstvenim sedrenim vodopadima koji stvaraju \u010dista jezera u konstantnom biodinami\u010dkom procesu stvaranja sedre. Kao rezultat tog procesa, stvoren je niz od 16 kaskadnih velikih i nekoliko manjih jezera, koji su najslikovitiji dio ovog parka. \u010cesto postavljena pitanja Neposredno [&hellip;]<\/p>\n","protected":false},"author":1,"featured_media":0,"parent":1272,"menu_order":0,"comment_status":"closed","ping_status":"closed","template":"","meta":{"_et_pb_use_builder":"on","_et_pb_old_content":"","_et_gb_content_width":""},"_links":{"self":[{"href":"https:\/\/www.letsgo.hr\/hr\/wp-json\/wp\/v2\/pages\/1280"}],"collection":[{"href":"https:\/\/www.letsgo.hr\/hr\/wp-json\/wp\/v2\/pages"}],"about":[{"href":"https:\/\/www.letsgo.hr\/hr\/wp-json\/wp\/v2\/types\/page"}],"author":[{"embeddable":true,"href":"https:\/\/www.letsgo.hr\/hr\/wp-json\/wp\/v2\/users\/1"}],"replies":[{"embeddable":true,"href":"https:\/\/www.letsgo.hr\/hr\/wp-json\/wp\/v2\/comments?post=1280"}],"version-history":[{"count":0,"href":"https:\/\/www.letsgo.hr\/hr\/wp-json\/wp\/v2\/pages\/1280\/revisions"}],"up":[{"embeddable":true,"href":"https:\/\/www.letsgo.hr\/hr\/wp-json\/wp\/v2\/pages\/1272"}],"wp:attachment":[{"href":"https:\/\/www.letsgo.hr\/hr\/wp-json\/wp\/v2\/media?parent=1280"}],"curies":[{"name":"wp","href":"https:\/\/api.w.org\/{rel}","templated":true}]}}